{"id":250,"date":"2023-04-13T10:37:56","date_gmt":"2023-04-13T10:37:56","guid":{"rendered":"https:\/\/afrikmanagement.com\/?page_id=250"},"modified":"2023-11-30T15:12:16","modified_gmt":"2023-11-30T15:12:16","slug":"partenaires","status":"publish","type":"page","link":"https:\/\/afrikmanagement.com\/index.php\/partenaires\/","title":{"rendered":"Grand Partenariat"},"content":{"rendered":"<p>Avec son programme de grand partenariat, Afrik Management souhaite mettre en valeur les entreprises africaines qui servent de mod\u00e8les \u00e0 toute une nouvelle g\u00e9n\u00e9ration de gestionnaires et d\u2019entrepreneurs.<\/p>\n<p>Tri\u00e9s sur le volet, les partenaires de la revue partagent nos valeurs de r\u00e9ussite, de confiance et de p\u00e9rennit\u00e9. Chacun incarne \u00e0 sa fa\u00e7on l\u2019excellence du leadership africain.<\/p>\n<p>Le programme de grand partenariat offre une visibilit\u00e9 aux entreprises dans le d\u00e9veloppement de leur capital humain.<\/p>\n<p><b>Si vous \u00eates int\u00e9ress\u00e9 \u00e0 vous joindre \u00e0 notre r\u00e9seau panafricain GRAND PARTENARIAT, veuillez remplir notre demande d&#8217;information sur votre entreprise ou organisation : (<\/b><a href=\"https:\/\/cvpt.typeform.com\/to\/DLaW41ea\"><b style=\"font-size: 19.4286px;\"><span style=\"color: #ff0000;\">lien<\/span><\/b><\/a><b style=\"font-size: 1.21429rem;\">)<\/b><\/p>\n<p><img loading=\"lazy\" decoding=\"async\" class=\"alignnone size-full wp-image-5442\" src=\"https:\/\/afrikmanagement.com\/wp-content\/uploads\/2023\/11\/Partners-1.png\" alt=\"\" width=\"1240\" height=\"2542\" srcset=\"https:\/\/afrikmanagement.com\/wp-content\/uploads\/2023\/11\/Partners-1.png 1240w, https:\/\/afrikmanagement.com\/wp-content\/uploads\/2023\/11\/Partners-1-146x300.png 146w, https:\/\/afrikmanagement.com\/wp-content\/uploads\/2023\/11\/Partners-1-500x1024.png 500w, https:\/\/afrikmanagement.com\/wp-content\/uploads\/2023\/11\/Partners-1-768x1574.png 768w, https:\/\/afrikmanagement.com\/wp-content\/uploads\/2023\/11\/Partners-1-749x1536.png 749w, https:\/\/afrikmanagement.com\/wp-content\/uploads\/2023\/11\/Partners-1-999x2048.png 999w\" sizes=\"auto, (max-width: 1240px) 100vw, 1240px\" \/><\/p>\n","protected":false},"excerpt":{"rendered":"<p>Avec son programme de grand partenariat, Afrik Management souhaite mettre en valeur les entreprises africaines qui servent de mod\u00e8les \u00e0 toute une nouvelle g\u00e9n\u00e9ration de gestionnaires et d\u2019entrepreneurs. Tri\u00e9s sur le volet, les partenaires de la revue partagent nos valeurs de r\u00e9ussite, de confiance et de p\u00e9rennit\u00e9. Chacun incarne \u00e0 sa fa\u00e7on l\u2019excellence du leadership africain. Le programme de grand partenariat offre une visibilit\u00e9 aux entreprises dans le d\u00e9veloppement de leur capital humain. Si vous \u00eates int\u00e9ress\u00e9 \u00e0 vous joindre \u00e0 notre r\u00e9seau panafricain GRAND PARTENARIAT, veuillez remplir notre demande d&#8217;information sur votre entreprise ou organisation : (lien)<\/p>\n","protected":false},"author":5,"featured_media":0,"parent":0,"menu_order":0,"comment_status":"closed","ping_status":"closed","template":"","meta":{"footnotes":""},"class_list":["post-250","page","type-page","status-publish","hentry"],"yoast_head":"<!-- This site is optimized with the Yoast SEO plugin v27.4 - https:\/\/yoast.com\/product\/yoast-seo-wordpress\/ -->\n<title>Grand Partenariat - AFRIK Management<\/title>\n<meta name=\"robots\" content=\"index, follow, max-snippet:-1, max-image-preview:large, max-video-preview:-1\" \/>\n<link rel=\"canonical\" href=\"https:\/\/afrikmanagement.com\/index.php\/partenaires\/\" \/>\n<meta property=\"og:locale\" content=\"fr_FR\" \/>\n<meta property=\"og:type\" content=\"article\" \/>\n<meta property=\"og:title\" content=\"Grand Partenariat - AFRIK Management\" \/>\n<meta property=\"og:description\" content=\"Avec son programme de grand partenariat, Afrik Management souhaite mettre en valeur les entreprises africaines qui servent de mod\u00e8les \u00e0 toute une nouvelle g\u00e9n\u00e9ration de gestionnaires et d\u2019entrepreneurs. Tri\u00e9s sur le volet, les partenaires de la revue partagent nos valeurs de r\u00e9ussite, de confiance et de p\u00e9rennit\u00e9. Chacun incarne \u00e0 sa fa\u00e7on l\u2019excellence du leadership africain. Le programme de grand partenariat offre une visibilit\u00e9 aux entreprises dans le d\u00e9veloppement de leur capital humain. Si vous \u00eates int\u00e9ress\u00e9 \u00e0 vous joindre \u00e0 notre r\u00e9seau panafricain GRAND PARTENARIAT, veuillez remplir notre demande d&#8217;information sur votre entreprise ou organisation : (lien)\" \/>\n<meta property=\"og:url\" content=\"https:\/\/afrikmanagement.com\/index.php\/partenaires\/\" \/>\n<meta property=\"og:site_name\" content=\"AFRIK Management\" \/>\n<meta property=\"article:publisher\" content=\"https:\/\/www.facebook.com\/afrikmanagement\" \/>\n<meta property=\"article:modified_time\" content=\"2023-11-30T15:12:16+00:00\" \/>\n<meta property=\"og:image\" content=\"https:\/\/afrikmanagement.com\/wp-content\/uploads\/2023\/11\/Partners-1.png\" \/>\n<meta name=\"twitter:card\" content=\"summary_large_image\" \/>\n<meta name=\"twitter:site\" content=\"@AfrikManagement\" \/>\n<meta name=\"twitter:label1\" content=\"Dur\u00e9e de lecture estim\u00e9e\" \/>\n\t<meta name=\"twitter:data1\" content=\"1 minute\" \/>\n<script type=\"application\/ld+json\" class=\"yoast-schema-graph\">{\"@context\":\"https:\\\/\\\/schema.org\",\"@graph\":[{\"@type\":\"WebPage\",\"@id\":\"https:\\\/\\\/afrikmanagement.com\\\/index.php\\\/partenaires\\\/\",\"url\":\"https:\\\/\\\/afrikmanagement.com\\\/index.php\\\/partenaires\\\/\",\"name\":\"Grand Partenariat - AFRIK Management\",\"isPartOf\":{\"@id\":\"https:\\\/\\\/afrikmanagement.com\\\/#website\"},\"primaryImageOfPage\":{\"@id\":\"https:\\\/\\\/afrikmanagement.com\\\/index.php\\\/partenaires\\\/#primaryimage\"},\"image\":{\"@id\":\"https:\\\/\\\/afrikmanagement.com\\\/index.php\\\/partenaires\\\/#primaryimage\"},\"thumbnailUrl\":\"https:\\\/\\\/afrikmanagement.com\\\/wp-content\\\/uploads\\\/2023\\\/11\\\/Partners-1.png\",\"datePublished\":\"2023-04-13T10:37:56+00:00\",\"dateModified\":\"2023-11-30T15:12:16+00:00\",\"breadcrumb\":{\"@id\":\"https:\\\/\\\/afrikmanagement.com\\\/index.php\\\/partenaires\\\/#breadcrumb\"},\"inLanguage\":\"fr-FR\",\"potentialAction\":[{\"@type\":\"ReadAction\",\"target\":[\"https:\\\/\\\/afrikmanagement.com\\\/index.php\\\/partenaires\\\/\"]}]},{\"@type\":\"ImageObject\",\"inLanguage\":\"fr-FR\",\"@id\":\"https:\\\/\\\/afrikmanagement.com\\\/index.php\\\/partenaires\\\/#primaryimage\",\"url\":\"https:\\\/\\\/afrikmanagement.com\\\/wp-content\\\/uploads\\\/2023\\\/11\\\/Partners-1.png\",\"contentUrl\":\"https:\\\/\\\/afrikmanagement.com\\\/wp-content\\\/uploads\\\/2023\\\/11\\\/Partners-1.png\",\"width\":1240,\"height\":2542},{\"@type\":\"BreadcrumbList\",\"@id\":\"https:\\\/\\\/afrikmanagement.com\\\/index.php\\\/partenaires\\\/#breadcrumb\",\"itemListElement\":[{\"@type\":\"ListItem\",\"position\":1,\"name\":\"Accueil\",\"item\":\"https:\\\/\\\/afrikmanagement.com\\\/\"},{\"@type\":\"ListItem\",\"position\":2,\"name\":\"Grand Partenariat\"}]},{\"@type\":\"WebSite\",\"@id\":\"https:\\\/\\\/afrikmanagement.com\\\/#website\",\"url\":\"https:\\\/\\\/afrikmanagement.com\\\/\",\"name\":\"AFRIK Management\",\"description\":\"\",\"publisher\":{\"@id\":\"https:\\\/\\\/afrikmanagement.com\\\/#organization\"},\"potentialAction\":[{\"@type\":\"SearchAction\",\"target\":{\"@type\":\"EntryPoint\",\"urlTemplate\":\"https:\\\/\\\/afrikmanagement.com\\\/?s={search_term_string}\"},\"query-input\":{\"@type\":\"PropertyValueSpecification\",\"valueRequired\":true,\"valueName\":\"search_term_string\"}}],\"inLanguage\":\"fr-FR\"},{\"@type\":\"Organization\",\"@id\":\"https:\\\/\\\/afrikmanagement.com\\\/#organization\",\"name\":\"AFRIK Management\",\"url\":\"https:\\\/\\\/afrikmanagement.com\\\/\",\"logo\":{\"@type\":\"ImageObject\",\"inLanguage\":\"fr-FR\",\"@id\":\"https:\\\/\\\/afrikmanagement.com\\\/#\\\/schema\\\/logo\\\/image\\\/\",\"url\":\"https:\\\/\\\/afrikmanagement.com\\\/wp-content\\\/uploads\\\/2023\\\/04\\\/Logo-Arik_Plan-de-travail-1-01.svg\",\"contentUrl\":\"https:\\\/\\\/afrikmanagement.com\\\/wp-content\\\/uploads\\\/2023\\\/04\\\/Logo-Arik_Plan-de-travail-1-01.svg\",\"width\":1,\"height\":1,\"caption\":\"AFRIK Management\"},\"image\":{\"@id\":\"https:\\\/\\\/afrikmanagement.com\\\/#\\\/schema\\\/logo\\\/image\\\/\"},\"sameAs\":[\"https:\\\/\\\/www.facebook.com\\\/afrikmanagement\",\"https:\\\/\\\/x.com\\\/AfrikManagement\"]}]}<\/script>\n<!-- \/ Yoast SEO plugin. -->","yoast_head_json":{"title":"Grand Partenariat - AFRIK Management","robots":{"index":"index","follow":"follow","max-snippet":"max-snippet:-1","max-image-preview":"max-image-preview:large","max-video-preview":"max-video-preview:-1"},"canonical":"https:\/\/afrikmanagement.com\/index.php\/partenaires\/","og_locale":"fr_FR","og_type":"article","og_title":"Grand Partenariat - AFRIK Management","og_description":"Avec son programme de grand partenariat, Afrik Management souhaite mettre en valeur les entreprises africaines qui servent de mod\u00e8les \u00e0 toute une nouvelle g\u00e9n\u00e9ration de gestionnaires et d\u2019entrepreneurs. Tri\u00e9s sur le volet, les partenaires de la revue partagent nos valeurs de r\u00e9ussite, de confiance et de p\u00e9rennit\u00e9. Chacun incarne \u00e0 sa fa\u00e7on l\u2019excellence du leadership africain. Le programme de grand partenariat offre une visibilit\u00e9 aux entreprises dans le d\u00e9veloppement de leur capital humain. Si vous \u00eates int\u00e9ress\u00e9 \u00e0 vous joindre \u00e0 notre r\u00e9seau panafricain GRAND PARTENARIAT, veuillez remplir notre demande d&#8217;information sur votre entreprise ou organisation : (lien)","og_url":"https:\/\/afrikmanagement.com\/index.php\/partenaires\/","og_site_name":"AFRIK Management","article_publisher":"https:\/\/www.facebook.com\/afrikmanagement","article_modified_time":"2023-11-30T15:12:16+00:00","og_image":[{"url":"https:\/\/afrikmanagement.com\/wp-content\/uploads\/2023\/11\/Partners-1.png","type":"","width":"","height":""}],"twitter_card":"summary_large_image","twitter_site":"@AfrikManagement","twitter_misc":{"Dur\u00e9e de lecture estim\u00e9e":"1 minute"},"schema":{"@context":"https:\/\/schema.org","@graph":[{"@type":"WebPage","@id":"https:\/\/afrikmanagement.com\/index.php\/partenaires\/","url":"https:\/\/afrikmanagement.com\/index.php\/partenaires\/","name":"Grand Partenariat - AFRIK Management","isPartOf":{"@id":"https:\/\/afrikmanagement.com\/#website"},"primaryImageOfPage":{"@id":"https:\/\/afrikmanagement.com\/index.php\/partenaires\/#primaryimage"},"image":{"@id":"https:\/\/afrikmanagement.com\/index.php\/partenaires\/#primaryimage"},"thumbnailUrl":"https:\/\/afrikmanagement.com\/wp-content\/uploads\/2023\/11\/Partners-1.png","datePublished":"2023-04-13T10:37:56+00:00","dateModified":"2023-11-30T15:12:16+00:00","breadcrumb":{"@id":"https:\/\/afrikmanagement.com\/index.php\/partenaires\/#breadcrumb"},"inLanguage":"fr-FR","potentialAction":[{"@type":"ReadAction","target":["https:\/\/afrikmanagement.com\/index.php\/partenaires\/"]}]},{"@type":"ImageObject","inLanguage":"fr-FR","@id":"https:\/\/afrikmanagement.com\/index.php\/partenaires\/#primaryimage","url":"https:\/\/afrikmanagement.com\/wp-content\/uploads\/2023\/11\/Partners-1.png","contentUrl":"https:\/\/afrikmanagement.com\/wp-content\/uploads\/2023\/11\/Partners-1.png","width":1240,"height":2542},{"@type":"BreadcrumbList","@id":"https:\/\/afrikmanagement.com\/index.php\/partenaires\/#breadcrumb","itemListElement":[{"@type":"ListItem","position":1,"name":"Accueil","item":"https:\/\/afrikmanagement.com\/"},{"@type":"ListItem","position":2,"name":"Grand Partenariat"}]},{"@type":"WebSite","@id":"https:\/\/afrikmanagement.com\/#website","url":"https:\/\/afrikmanagement.com\/","name":"AFRIK Management","description":"","publisher":{"@id":"https:\/\/afrikmanagement.com\/#organization"},"potentialAction":[{"@type":"SearchAction","target":{"@type":"EntryPoint","urlTemplate":"https:\/\/afrikmanagement.com\/?s={search_term_string}"},"query-input":{"@type":"PropertyValueSpecification","valueRequired":true,"valueName":"search_term_string"}}],"inLanguage":"fr-FR"},{"@type":"Organization","@id":"https:\/\/afrikmanagement.com\/#organization","name":"AFRIK Management","url":"https:\/\/afrikmanagement.com\/","logo":{"@type":"ImageObject","inLanguage":"fr-FR","@id":"https:\/\/afrikmanagement.com\/#\/schema\/logo\/image\/","url":"https:\/\/afrikmanagement.com\/wp-content\/uploads\/2023\/04\/Logo-Arik_Plan-de-travail-1-01.svg","contentUrl":"https:\/\/afrikmanagement.com\/wp-content\/uploads\/2023\/04\/Logo-Arik_Plan-de-travail-1-01.svg","width":1,"height":1,"caption":"AFRIK Management"},"image":{"@id":"https:\/\/afrikmanagement.com\/#\/schema\/logo\/image\/"},"sameAs":["https:\/\/www.facebook.com\/afrikmanagement","https:\/\/x.com\/AfrikManagement"]}]}},"_links":{"self":[{"href":"https:\/\/afrikmanagement.com\/index.php\/wp-json\/wp\/v2\/pages\/250","targetHints":{"allow":["GET"]}}],"collection":[{"href":"https:\/\/afrikmanagement.com\/index.php\/wp-json\/wp\/v2\/pages"}],"about":[{"href":"https:\/\/afrikmanagement.com\/index.php\/wp-json\/wp\/v2\/types\/page"}],"author":[{"embeddable":true,"href":"https:\/\/afrikmanagement.com\/index.php\/wp-json\/wp\/v2\/users\/5"}],"replies":[{"embeddable":true,"href":"https:\/\/afrikmanagement.com\/index.php\/wp-json\/wp\/v2\/comments?post=250"}],"version-history":[{"count":8,"href":"https:\/\/afrikmanagement.com\/index.php\/wp-json\/wp\/v2\/pages\/250\/revisions"}],"predecessor-version":[{"id":5443,"href":"https:\/\/afrikmanagement.com\/index.php\/wp-json\/wp\/v2\/pages\/250\/revisions\/5443"}],"wp:attachment":[{"href":"https:\/\/afrikmanagement.com\/index.php\/wp-json\/wp\/v2\/media?parent=250"}],"curies":[{"name":"wp","href":"https:\/\/api.w.org\/{rel}","templated":true}]}}