{"id":2003,"date":"2023-08-23T14:04:54","date_gmt":"2023-08-23T14:04:54","guid":{"rendered":"https:\/\/afrikmanagement.com\/?page_id=2003"},"modified":"2023-08-23T14:32:11","modified_gmt":"2023-08-23T14:32:11","slug":"inscription","status":"publish","type":"page","link":"https:\/\/afrikmanagement.com\/index.php\/inscription\/","title":{"rendered":"Inscription"},"content":{"rendered":"<p><span style=\"font-weight: 400;\">Inscrivez-vous pour recevoir des mises \u00e0 jour cl\u00e9s de l&#8217;AMC et de la communaut\u00e9 scientifique au sens large, et consultez nos newsletters de niche plus sp\u00e9cialis\u00e9es sur la science ouverte, et plus encore.<\/span><\/p>\n<div style=\"width: 100%; height: 350px;\" data-tf-widget=\"TbYP8cgE\" data-tf-opacity=\"100\" data-tf-iframe-props=\"title=Inscription\" data-tf-transitive-search-params=\"\" data-tf-medium=\"snippet\"><\/div>\n<p><script src=\"\/\/embed.typeform.com\/next\/embed.js\"><\/script><\/p>\n<p>&nbsp;<\/p>\n","protected":false},"excerpt":{"rendered":"<p>Inscrivez-vous pour recevoir des mises \u00e0 jour cl\u00e9s de l&#8217;AMC et de la communaut\u00e9 scientifique au sens large, et consultez nos newsletters de niche plus sp\u00e9cialis\u00e9es sur la science ouverte, et plus encore. &nbsp;<\/p>\n","protected":false},"author":5,"featured_media":0,"parent":0,"menu_order":0,"comment_status":"closed","ping_status":"closed","template":"","meta":{"footnotes":""},"class_list":["post-2003","page","type-page","status-publish","hentry"],"yoast_head":"<!-- This site is optimized with the Yoast SEO plugin v27.2 - https:\/\/yoast.com\/product\/yoast-seo-wordpress\/ -->\n<title>Inscription - AFRIK Management<\/title>\n<meta name=\"robots\" content=\"index, follow, max-snippet:-1, max-image-preview:large, max-video-preview:-1\" \/>\n<link rel=\"canonical\" href=\"https:\/\/afrikmanagement.com\/index.php\/inscription\/\" \/>\n<meta property=\"og:locale\" content=\"fr_FR\" \/>\n<meta property=\"og:type\" content=\"article\" \/>\n<meta property=\"og:title\" content=\"Inscription - AFRIK Management\" \/>\n<meta property=\"og:description\" content=\"Inscrivez-vous pour recevoir des mises \u00e0 jour cl\u00e9s de l&#8217;AMC et de la communaut\u00e9 scientifique au sens large, et consultez nos newsletters de niche plus sp\u00e9cialis\u00e9es sur la science ouverte, et plus encore. &nbsp;\" \/>\n<meta property=\"og:url\" content=\"https:\/\/afrikmanagement.com\/index.php\/inscription\/\" \/>\n<meta property=\"og:site_name\" content=\"AFRIK Management\" \/>\n<meta property=\"article:publisher\" content=\"https:\/\/www.facebook.com\/afrikmanagement\" \/>\n<meta property=\"article:modified_time\" content=\"2023-08-23T14:32:11+00:00\" \/>\n<meta name=\"twitter:card\" content=\"summary_large_image\" \/>\n<meta name=\"twitter:site\" content=\"@AfrikManagement\" \/>\n<meta name=\"twitter:label1\" content=\"Dur\u00e9e de lecture estim\u00e9e\" \/>\n\t<meta name=\"twitter:data1\" content=\"1 minute\" \/>\n<script type=\"application\/ld+json\" class=\"yoast-schema-graph\">{\"@context\":\"https:\/\/schema.org\",\"@graph\":[{\"@type\":\"WebPage\",\"@id\":\"https:\/\/afrikmanagement.com\/index.php\/inscription\/\",\"url\":\"https:\/\/afrikmanagement.com\/index.php\/inscription\/\",\"name\":\"Inscription - AFRIK Management\",\"isPartOf\":{\"@id\":\"https:\/\/afrikmanagement.com\/#website\"},\"datePublished\":\"2023-08-23T14:04:54+00:00\",\"dateModified\":\"2023-08-23T14:32:11+00:00\",\"breadcrumb\":{\"@id\":\"https:\/\/afrikmanagement.com\/index.php\/inscription\/#breadcrumb\"},\"inLanguage\":\"fr-FR\",\"potentialAction\":[{\"@type\":\"ReadAction\",\"target\":[\"https:\/\/afrikmanagement.com\/index.php\/inscription\/\"]}]},{\"@type\":\"BreadcrumbList\",\"@id\":\"https:\/\/afrikmanagement.com\/index.php\/inscription\/#breadcrumb\",\"itemListElement\":[{\"@type\":\"ListItem\",\"position\":1,\"name\":\"Accueil\",\"item\":\"https:\/\/afrikmanagement.com\/\"},{\"@type\":\"ListItem\",\"position\":2,\"name\":\"Inscription\"}]},{\"@type\":\"WebSite\",\"@id\":\"https:\/\/afrikmanagement.com\/#website\",\"url\":\"https:\/\/afrikmanagement.com\/\",\"name\":\"AFRIK Management\",\"description\":\"\",\"publisher\":{\"@id\":\"https:\/\/afrikmanagement.com\/#organization\"},\"potentialAction\":[{\"@type\":\"SearchAction\",\"target\":{\"@type\":\"EntryPoint\",\"urlTemplate\":\"https:\/\/afrikmanagement.com\/?s={search_term_string}\"},\"query-input\":{\"@type\":\"PropertyValueSpecification\",\"valueRequired\":true,\"valueName\":\"search_term_string\"}}],\"inLanguage\":\"fr-FR\"},{\"@type\":\"Organization\",\"@id\":\"https:\/\/afrikmanagement.com\/#organization\",\"name\":\"AFRIK Management\",\"url\":\"https:\/\/afrikmanagement.com\/\",\"logo\":{\"@type\":\"ImageObject\",\"inLanguage\":\"fr-FR\",\"@id\":\"https:\/\/afrikmanagement.com\/#\/schema\/logo\/image\/\",\"url\":\"https:\/\/afrikmanagement.com\/wp-content\/uploads\/2023\/04\/Logo-Arik_Plan-de-travail-1-01.svg\",\"contentUrl\":\"https:\/\/afrikmanagement.com\/wp-content\/uploads\/2023\/04\/Logo-Arik_Plan-de-travail-1-01.svg\",\"width\":1,\"height\":1,\"caption\":\"AFRIK Management\"},\"image\":{\"@id\":\"https:\/\/afrikmanagement.com\/#\/schema\/logo\/image\/\"},\"sameAs\":[\"https:\/\/www.facebook.com\/afrikmanagement\",\"https:\/\/x.com\/AfrikManagement\"]}]}<\/script>\n<!-- \/ Yoast SEO plugin. -->","yoast_head_json":{"title":"Inscription - AFRIK Management","robots":{"index":"index","follow":"follow","max-snippet":"max-snippet:-1","max-image-preview":"max-image-preview:large","max-video-preview":"max-video-preview:-1"},"canonical":"https:\/\/afrikmanagement.com\/index.php\/inscription\/","og_locale":"fr_FR","og_type":"article","og_title":"Inscription - AFRIK Management","og_description":"Inscrivez-vous pour recevoir des mises \u00e0 jour cl\u00e9s de l&#8217;AMC et de la communaut\u00e9 scientifique au sens large, et consultez nos newsletters de niche plus sp\u00e9cialis\u00e9es sur la science ouverte, et plus encore. &nbsp;","og_url":"https:\/\/afrikmanagement.com\/index.php\/inscription\/","og_site_name":"AFRIK Management","article_publisher":"https:\/\/www.facebook.com\/afrikmanagement","article_modified_time":"2023-08-23T14:32:11+00:00","twitter_card":"summary_large_image","twitter_site":"@AfrikManagement","twitter_misc":{"Dur\u00e9e de lecture estim\u00e9e":"1 minute"},"schema":{"@context":"https:\/\/schema.org","@graph":[{"@type":"WebPage","@id":"https:\/\/afrikmanagement.com\/index.php\/inscription\/","url":"https:\/\/afrikmanagement.com\/index.php\/inscription\/","name":"Inscription - AFRIK Management","isPartOf":{"@id":"https:\/\/afrikmanagement.com\/#website"},"datePublished":"2023-08-23T14:04:54+00:00","dateModified":"2023-08-23T14:32:11+00:00","breadcrumb":{"@id":"https:\/\/afrikmanagement.com\/index.php\/inscription\/#breadcrumb"},"inLanguage":"fr-FR","potentialAction":[{"@type":"ReadAction","target":["https:\/\/afrikmanagement.com\/index.php\/inscription\/"]}]},{"@type":"BreadcrumbList","@id":"https:\/\/afrikmanagement.com\/index.php\/inscription\/#breadcrumb","itemListElement":[{"@type":"ListItem","position":1,"name":"Accueil","item":"https:\/\/afrikmanagement.com\/"},{"@type":"ListItem","position":2,"name":"Inscription"}]},{"@type":"WebSite","@id":"https:\/\/afrikmanagement.com\/#website","url":"https:\/\/afrikmanagement.com\/","name":"AFRIK Management","description":"","publisher":{"@id":"https:\/\/afrikmanagement.com\/#organization"},"potentialAction":[{"@type":"SearchAction","target":{"@type":"EntryPoint","urlTemplate":"https:\/\/afrikmanagement.com\/?s={search_term_string}"},"query-input":{"@type":"PropertyValueSpecification","valueRequired":true,"valueName":"search_term_string"}}],"inLanguage":"fr-FR"},{"@type":"Organization","@id":"https:\/\/afrikmanagement.com\/#organization","name":"AFRIK Management","url":"https:\/\/afrikmanagement.com\/","logo":{"@type":"ImageObject","inLanguage":"fr-FR","@id":"https:\/\/afrikmanagement.com\/#\/schema\/logo\/image\/","url":"https:\/\/afrikmanagement.com\/wp-content\/uploads\/2023\/04\/Logo-Arik_Plan-de-travail-1-01.svg","contentUrl":"https:\/\/afrikmanagement.com\/wp-content\/uploads\/2023\/04\/Logo-Arik_Plan-de-travail-1-01.svg","width":1,"height":1,"caption":"AFRIK Management"},"image":{"@id":"https:\/\/afrikmanagement.com\/#\/schema\/logo\/image\/"},"sameAs":["https:\/\/www.facebook.com\/afrikmanagement","https:\/\/x.com\/AfrikManagement"]}]}},"_links":{"self":[{"href":"https:\/\/afrikmanagement.com\/index.php\/wp-json\/wp\/v2\/pages\/2003","targetHints":{"allow":["GET"]}}],"collection":[{"href":"https:\/\/afrikmanagement.com\/index.php\/wp-json\/wp\/v2\/pages"}],"about":[{"href":"https:\/\/afrikmanagement.com\/index.php\/wp-json\/wp\/v2\/types\/page"}],"author":[{"embeddable":true,"href":"https:\/\/afrikmanagement.com\/index.php\/wp-json\/wp\/v2\/users\/5"}],"replies":[{"embeddable":true,"href":"https:\/\/afrikmanagement.com\/index.php\/wp-json\/wp\/v2\/comments?post=2003"}],"version-history":[{"count":5,"href":"https:\/\/afrikmanagement.com\/index.php\/wp-json\/wp\/v2\/pages\/2003\/revisions"}],"predecessor-version":[{"id":2005,"href":"https:\/\/afrikmanagement.com\/index.php\/wp-json\/wp\/v2\/pages\/2003\/revisions\/2005"}],"wp:attachment":[{"href":"https:\/\/afrikmanagement.com\/index.php\/wp-json\/wp\/v2\/media?parent=2003"}],"curies":[{"name":"wp","href":"https:\/\/api.w.org\/{rel}","templated":true}]}}