{"id":2001,"date":"2023-08-23T13:23:07","date_gmt":"2023-08-23T13:23:07","guid":{"rendered":"https:\/\/afrikmanagement.com\/?page_id=2001"},"modified":"2023-11-28T14:29:17","modified_gmt":"2023-11-28T14:29:17","slug":"evenements","status":"publish","type":"page","link":"https:\/\/afrikmanagement.com\/index.php\/evenements\/","title":{"rendered":"Ev\u00e8nements"},"content":{"rendered":"<p style=\"text-align: center;\"><strong><a href=\"https:\/\/afrikmanagement.com\/index.php\/conferences\/\">Conf\u00e9rences<\/a> \u00a0\u00a0 \u00a0\u00a0<a href=\"https:\/\/afrikmanagement.com\/index.php\/workshops\/\">Workshops<\/a> \u00a0\u00a0 \u00a0\u00a0<a href=\"https:\/\/afrikmanagement.com\/index.php\/seminaires\/\">Seminaires<\/a> \u00a0\u00a0 \u00a0\u00a0<a href=\"https:\/\/afrikmanagement.com\/index.php\/autres-evenements\/\">Autres<\/a><\/strong><\/p>\n<p>&nbsp;<\/p>\n<p><strong>Prochains \u00e9v\u00e9nements<\/strong><\/p>\n<ul>\n<li>13 janvier 2024 : <a href=\"https:\/\/cvpt.typeform.com\/to\/t6bjJJUd?typeform-source=afrikmanagement.com\">FUTURE OF WORK<\/a> (Conf\u00e9rence)<\/li>\n<li>10 f\u00e9vrier 2024 : <a href=\"https:\/\/cvpt.typeform.com\/to\/t6bjJJUd\">ATTIRER ET ENGAGER LES TALENTS<\/a> (Masterclass)<\/li>\n<li>16 mars 2024 : <a href=\"https:\/\/cvpt.typeform.com\/to\/t6bjJJUd\">SUSTAINABILITY<\/a> (Masterclass)<\/li>\n<li>13 avril 2024 : <a href=\"https:\/\/cvpt.typeform.com\/to\/t6bjJJUd\">CYBERS\u00c9CURIT\u00c9<\/a> (Masterclass)<\/li>\n<li>11 mai 2024 : <a href=\"https:\/\/cvpt.typeform.com\/to\/t6bjJJUd\">LEADERSHIP<\/a> (Conf\u00e9rence)<\/li>\n<\/ul>\n","protected":false},"excerpt":{"rendered":"<p>Conf\u00e9rences \u00a0\u00a0 \u00a0\u00a0Workshops \u00a0\u00a0 \u00a0\u00a0Seminaires \u00a0\u00a0 \u00a0\u00a0Autres &nbsp; Prochains \u00e9v\u00e9nements 13 janvier 2024 : FUTURE OF WORK (Conf\u00e9rence) 10 f\u00e9vrier 2024 : ATTIRER ET ENGAGER LES TALENTS (Masterclass) 16 mars 2024 : SUSTAINABILITY (Masterclass) 13 avril 2024 : CYBERS\u00c9CURIT\u00c9 (Masterclass) 11 mai 2024 : LEADERSHIP (Conf\u00e9rence)<\/p>\n","protected":false},"author":5,"featured_media":0,"parent":0,"menu_order":0,"comment_status":"closed","ping_status":"closed","template":"","meta":{"footnotes":""},"class_list":["post-2001","page","type-page","status-publish","hentry"],"yoast_head":"<!-- This site is optimized with the Yoast SEO plugin v27.4 - https:\/\/yoast.com\/product\/yoast-seo-wordpress\/ -->\n<title>Ev\u00e8nements - AFRIK Management<\/title>\n<meta name=\"robots\" content=\"index, follow, max-snippet:-1, max-image-preview:large, max-video-preview:-1\" \/>\n<link rel=\"canonical\" href=\"https:\/\/afrikmanagement.com\/index.php\/evenements\/\" \/>\n<meta property=\"og:locale\" content=\"fr_FR\" \/>\n<meta property=\"og:type\" content=\"article\" \/>\n<meta property=\"og:title\" content=\"Ev\u00e8nements - AFRIK Management\" \/>\n<meta property=\"og:description\" content=\"Conf\u00e9rences \u00a0\u00a0 \u00a0\u00a0Workshops \u00a0\u00a0 \u00a0\u00a0Seminaires \u00a0\u00a0 \u00a0\u00a0Autres &nbsp; Prochains \u00e9v\u00e9nements 13 janvier 2024 : FUTURE OF WORK (Conf\u00e9rence) 10 f\u00e9vrier 2024 : ATTIRER ET ENGAGER LES TALENTS (Masterclass) 16 mars 2024 : SUSTAINABILITY (Masterclass) 13 avril 2024 : CYBERS\u00c9CURIT\u00c9 (Masterclass) 11 mai 2024 : LEADERSHIP (Conf\u00e9rence)\" \/>\n<meta property=\"og:url\" content=\"https:\/\/afrikmanagement.com\/index.php\/evenements\/\" \/>\n<meta property=\"og:site_name\" content=\"AFRIK Management\" \/>\n<meta property=\"article:publisher\" content=\"https:\/\/www.facebook.com\/afrikmanagement\" \/>\n<meta property=\"article:modified_time\" content=\"2023-11-28T14:29:17+00:00\" \/>\n<meta name=\"twitter:card\" content=\"summary_large_image\" \/>\n<meta name=\"twitter:site\" content=\"@AfrikManagement\" \/>\n<meta name=\"twitter:label1\" content=\"Dur\u00e9e de lecture estim\u00e9e\" \/>\n\t<meta name=\"twitter:data1\" content=\"1 minute\" \/>\n<script type=\"application\/ld+json\" class=\"yoast-schema-graph\">{\"@context\":\"https:\\\/\\\/schema.org\",\"@graph\":[{\"@type\":\"WebPage\",\"@id\":\"https:\\\/\\\/afrikmanagement.com\\\/index.php\\\/evenements\\\/\",\"url\":\"https:\\\/\\\/afrikmanagement.com\\\/index.php\\\/evenements\\\/\",\"name\":\"Ev\u00e8nements - AFRIK Management\",\"isPartOf\":{\"@id\":\"https:\\\/\\\/afrikmanagement.com\\\/#website\"},\"datePublished\":\"2023-08-23T13:23:07+00:00\",\"dateModified\":\"2023-11-28T14:29:17+00:00\",\"breadcrumb\":{\"@id\":\"https:\\\/\\\/afrikmanagement.com\\\/index.php\\\/evenements\\\/#breadcrumb\"},\"inLanguage\":\"fr-FR\",\"potentialAction\":[{\"@type\":\"ReadAction\",\"target\":[\"https:\\\/\\\/afrikmanagement.com\\\/index.php\\\/evenements\\\/\"]}]},{\"@type\":\"BreadcrumbList\",\"@id\":\"https:\\\/\\\/afrikmanagement.com\\\/index.php\\\/evenements\\\/#breadcrumb\",\"itemListElement\":[{\"@type\":\"ListItem\",\"position\":1,\"name\":\"Accueil\",\"item\":\"https:\\\/\\\/afrikmanagement.com\\\/\"},{\"@type\":\"ListItem\",\"position\":2,\"name\":\"Ev\u00e8nements\"}]},{\"@type\":\"WebSite\",\"@id\":\"https:\\\/\\\/afrikmanagement.com\\\/#website\",\"url\":\"https:\\\/\\\/afrikmanagement.com\\\/\",\"name\":\"AFRIK Management\",\"description\":\"\",\"publisher\":{\"@id\":\"https:\\\/\\\/afrikmanagement.com\\\/#organization\"},\"potentialAction\":[{\"@type\":\"SearchAction\",\"target\":{\"@type\":\"EntryPoint\",\"urlTemplate\":\"https:\\\/\\\/afrikmanagement.com\\\/?s={search_term_string}\"},\"query-input\":{\"@type\":\"PropertyValueSpecification\",\"valueRequired\":true,\"valueName\":\"search_term_string\"}}],\"inLanguage\":\"fr-FR\"},{\"@type\":\"Organization\",\"@id\":\"https:\\\/\\\/afrikmanagement.com\\\/#organization\",\"name\":\"AFRIK Management\",\"url\":\"https:\\\/\\\/afrikmanagement.com\\\/\",\"logo\":{\"@type\":\"ImageObject\",\"inLanguage\":\"fr-FR\",\"@id\":\"https:\\\/\\\/afrikmanagement.com\\\/#\\\/schema\\\/logo\\\/image\\\/\",\"url\":\"https:\\\/\\\/afrikmanagement.com\\\/wp-content\\\/uploads\\\/2023\\\/04\\\/Logo-Arik_Plan-de-travail-1-01.svg\",\"contentUrl\":\"https:\\\/\\\/afrikmanagement.com\\\/wp-content\\\/uploads\\\/2023\\\/04\\\/Logo-Arik_Plan-de-travail-1-01.svg\",\"width\":1,\"height\":1,\"caption\":\"AFRIK Management\"},\"image\":{\"@id\":\"https:\\\/\\\/afrikmanagement.com\\\/#\\\/schema\\\/logo\\\/image\\\/\"},\"sameAs\":[\"https:\\\/\\\/www.facebook.com\\\/afrikmanagement\",\"https:\\\/\\\/x.com\\\/AfrikManagement\"]}]}<\/script>\n<!-- \/ Yoast SEO plugin. -->","yoast_head_json":{"title":"Ev\u00e8nements - AFRIK Management","robots":{"index":"index","follow":"follow","max-snippet":"max-snippet:-1","max-image-preview":"max-image-preview:large","max-video-preview":"max-video-preview:-1"},"canonical":"https:\/\/afrikmanagement.com\/index.php\/evenements\/","og_locale":"fr_FR","og_type":"article","og_title":"Ev\u00e8nements - AFRIK Management","og_description":"Conf\u00e9rences \u00a0\u00a0 \u00a0\u00a0Workshops \u00a0\u00a0 \u00a0\u00a0Seminaires \u00a0\u00a0 \u00a0\u00a0Autres &nbsp; Prochains \u00e9v\u00e9nements 13 janvier 2024 : FUTURE OF WORK (Conf\u00e9rence) 10 f\u00e9vrier 2024 : ATTIRER ET ENGAGER LES TALENTS (Masterclass) 16 mars 2024 : SUSTAINABILITY (Masterclass) 13 avril 2024 : CYBERS\u00c9CURIT\u00c9 (Masterclass) 11 mai 2024 : LEADERSHIP (Conf\u00e9rence)","og_url":"https:\/\/afrikmanagement.com\/index.php\/evenements\/","og_site_name":"AFRIK Management","article_publisher":"https:\/\/www.facebook.com\/afrikmanagement","article_modified_time":"2023-11-28T14:29:17+00:00","twitter_card":"summary_large_image","twitter_site":"@AfrikManagement","twitter_misc":{"Dur\u00e9e de lecture estim\u00e9e":"1 minute"},"schema":{"@context":"https:\/\/schema.org","@graph":[{"@type":"WebPage","@id":"https:\/\/afrikmanagement.com\/index.php\/evenements\/","url":"https:\/\/afrikmanagement.com\/index.php\/evenements\/","name":"Ev\u00e8nements - AFRIK Management","isPartOf":{"@id":"https:\/\/afrikmanagement.com\/#website"},"datePublished":"2023-08-23T13:23:07+00:00","dateModified":"2023-11-28T14:29:17+00:00","breadcrumb":{"@id":"https:\/\/afrikmanagement.com\/index.php\/evenements\/#breadcrumb"},"inLanguage":"fr-FR","potentialAction":[{"@type":"ReadAction","target":["https:\/\/afrikmanagement.com\/index.php\/evenements\/"]}]},{"@type":"BreadcrumbList","@id":"https:\/\/afrikmanagement.com\/index.php\/evenements\/#breadcrumb","itemListElement":[{"@type":"ListItem","position":1,"name":"Accueil","item":"https:\/\/afrikmanagement.com\/"},{"@type":"ListItem","position":2,"name":"Ev\u00e8nements"}]},{"@type":"WebSite","@id":"https:\/\/afrikmanagement.com\/#website","url":"https:\/\/afrikmanagement.com\/","name":"AFRIK Management","description":"","publisher":{"@id":"https:\/\/afrikmanagement.com\/#organization"},"potentialAction":[{"@type":"SearchAction","target":{"@type":"EntryPoint","urlTemplate":"https:\/\/afrikmanagement.com\/?s={search_term_string}"},"query-input":{"@type":"PropertyValueSpecification","valueRequired":true,"valueName":"search_term_string"}}],"inLanguage":"fr-FR"},{"@type":"Organization","@id":"https:\/\/afrikmanagement.com\/#organization","name":"AFRIK Management","url":"https:\/\/afrikmanagement.com\/","logo":{"@type":"ImageObject","inLanguage":"fr-FR","@id":"https:\/\/afrikmanagement.com\/#\/schema\/logo\/image\/","url":"https:\/\/afrikmanagement.com\/wp-content\/uploads\/2023\/04\/Logo-Arik_Plan-de-travail-1-01.svg","contentUrl":"https:\/\/afrikmanagement.com\/wp-content\/uploads\/2023\/04\/Logo-Arik_Plan-de-travail-1-01.svg","width":1,"height":1,"caption":"AFRIK Management"},"image":{"@id":"https:\/\/afrikmanagement.com\/#\/schema\/logo\/image\/"},"sameAs":["https:\/\/www.facebook.com\/afrikmanagement","https:\/\/x.com\/AfrikManagement"]}]}},"_links":{"self":[{"href":"https:\/\/afrikmanagement.com\/index.php\/wp-json\/wp\/v2\/pages\/2001","targetHints":{"allow":["GET"]}}],"collection":[{"href":"https:\/\/afrikmanagement.com\/index.php\/wp-json\/wp\/v2\/pages"}],"about":[{"href":"https:\/\/afrikmanagement.com\/index.php\/wp-json\/wp\/v2\/types\/page"}],"author":[{"embeddable":true,"href":"https:\/\/afrikmanagement.com\/index.php\/wp-json\/wp\/v2\/users\/5"}],"replies":[{"embeddable":true,"href":"https:\/\/afrikmanagement.com\/index.php\/wp-json\/wp\/v2\/comments?post=2001"}],"version-history":[{"count":10,"href":"https:\/\/afrikmanagement.com\/index.php\/wp-json\/wp\/v2\/pages\/2001\/revisions"}],"predecessor-version":[{"id":5311,"href":"https:\/\/afrikmanagement.com\/index.php\/wp-json\/wp\/v2\/pages\/2001\/revisions\/5311"}],"wp:attachment":[{"href":"https:\/\/afrikmanagement.com\/index.php\/wp-json\/wp\/v2\/media?parent=2001"}],"curies":[{"name":"wp","href":"https:\/\/api.w.org\/{rel}","templated":true}]}}