{"id":1441,"date":"2023-07-17T11:19:02","date_gmt":"2023-07-17T11:19:02","guid":{"rendered":"https:\/\/afrikmanagement.com\/?page_id=1441"},"modified":"2023-11-24T11:53:52","modified_gmt":"2023-11-24T11:53:52","slug":"redaction","status":"publish","type":"page","link":"https:\/\/afrikmanagement.com\/index.php\/redaction\/","title":{"rendered":"R\u00e9daction"},"content":{"rendered":"<p><strong>\u00c0 Propos<\/strong><\/p>\n<p><b><i>Afrik Management<\/i><\/b><span style=\"font-weight: 400;\"> est m\u00e9dia ind\u00e9pendant panafricain d\u00e9di\u00e9 aux cadres et aux dirigeants d\u2019entreprise.<\/span><\/p>\n<p><span style=\"font-weight: 400;\">Edit\u00e9 par la revue <\/span><b>\u00ab\u00a0Maison Africaine des Sciences de Gestion (MASG)\u00a0\u00bb<\/b><span style=\"font-weight: 400;\">, apporte les infos pour les individus et les organisations en Afrique.\u00a0<\/span><\/p>\n<hr \/>\n<p><strong>NOUS CONTACTER<\/strong><\/p>\n<p><b>Afrique de l\u2019Ouest<\/b><span style=\"font-weight: 400;\"> : Cocody Angr\u00e9 7<\/span><span style=\"font-weight: 400;\">\u00e8me<\/span><span style=\"font-weight: 400;\"> Trance BP 4052 Abidjan\/C\u00f4te-d\u2019Ivoire<\/span><\/p>\n<p><span style=\"font-weight: 400;\">Tel: +225 33 74 92 98\/ <\/span><b>GSM<\/b><span style=\"font-weight: 400;\">: +225 05 00 56 09 03\u00a0<\/span><\/p>\n<p><b>Afrique du Nord<\/b><span style=\"font-weight: 400;\">\u00a0: Tunis- Belv\u00e9d\u00e8re -Rue du Br\u00e9sil 1002\/Tunisie<\/span><\/p>\n<p><span style=\"font-weight: 400;\">Tel +216 52\u00a0608\u00a0662 WhatsApp: +216 52\u00a0608\u00a0662\u00a0<\/span><\/p>\n<p><b>Site web:<\/b> <a href=\"http:\/\/www.cvpt.tn\"><span style=\"font-weight: 400;\">www.cvpt.tn<\/span><\/a> <b>E-Mail<\/b><span style=\"font-weight: 400;\">: <\/span><a href=\"mailto:contact@afrikmanagement.com\"><span style=\"font-weight: 400;\">contact@afrikmanagement.com<\/span><\/a><span style=\"font-weight: 400;\">\u00a0<\/span><\/p>\n<hr \/>\n<p><b>Newsletter\u00a0<\/b><\/p>\n<div data-tf-live=\"01HG0J2FCB441DDJEJN9M5NC4S\"><\/div>\n<p><script src=\"\/\/embed.typeform.com\/next\/embed.js\"><\/script><\/p>\n","protected":false},"excerpt":{"rendered":"<p>\u00c0 Propos Afrik Management est m\u00e9dia ind\u00e9pendant panafricain d\u00e9di\u00e9 aux cadres et aux dirigeants d\u2019entreprise. Edit\u00e9 par la revue \u00ab\u00a0Maison Africaine des Sciences de Gestion (MASG)\u00a0\u00bb, apporte les infos pour les individus et les organisations en Afrique.\u00a0 NOUS CONTACTER Afrique de l\u2019Ouest : Cocody Angr\u00e9 7\u00e8me Trance BP 4052 Abidjan\/C\u00f4te-d\u2019Ivoire Tel: +225 33 74 92 98\/ GSM: +225 05 00 56 09 03\u00a0 Afrique du Nord\u00a0: Tunis- Belv\u00e9d\u00e8re -Rue du Br\u00e9sil 1002\/Tunisie Tel +216 52\u00a0608\u00a0662 WhatsApp: +216 52\u00a0608\u00a0662\u00a0 Site web: www.cvpt.tn E-Mail: contact@afrikmanagement.com\u00a0 Newsletter\u00a0<\/p>\n","protected":false},"author":5,"featured_media":0,"parent":0,"menu_order":0,"comment_status":"closed","ping_status":"closed","template":"","meta":{"footnotes":""},"class_list":["post-1441","page","type-page","status-publish","hentry"],"yoast_head":"<!-- This site is optimized with the Yoast SEO plugin v27.2 - https:\/\/yoast.com\/product\/yoast-seo-wordpress\/ -->\n<title>R\u00e9daction - AFRIK Management<\/title>\n<meta name=\"robots\" content=\"index, follow, max-snippet:-1, max-image-preview:large, max-video-preview:-1\" \/>\n<link rel=\"canonical\" href=\"https:\/\/afrikmanagement.com\/index.php\/redaction\/\" \/>\n<meta property=\"og:locale\" content=\"fr_FR\" \/>\n<meta property=\"og:type\" content=\"article\" \/>\n<meta property=\"og:title\" content=\"R\u00e9daction - AFRIK Management\" \/>\n<meta property=\"og:description\" content=\"\u00c0 Propos Afrik Management est m\u00e9dia ind\u00e9pendant panafricain d\u00e9di\u00e9 aux cadres et aux dirigeants d\u2019entreprise. Edit\u00e9 par la revue \u00ab\u00a0Maison Africaine des Sciences de Gestion (MASG)\u00a0\u00bb, apporte les infos pour les individus et les organisations en Afrique.\u00a0 NOUS CONTACTER Afrique de l\u2019Ouest : Cocody Angr\u00e9 7\u00e8me Trance BP 4052 Abidjan\/C\u00f4te-d\u2019Ivoire Tel: +225 33 74 92 98\/ GSM: +225 05 00 56 09 03\u00a0 Afrique du Nord\u00a0: Tunis- Belv\u00e9d\u00e8re -Rue du Br\u00e9sil 1002\/Tunisie Tel +216 52\u00a0608\u00a0662 WhatsApp: +216 52\u00a0608\u00a0662\u00a0 Site web: www.cvpt.tn E-Mail: contact@afrikmanagement.com\u00a0 Newsletter\u00a0\" \/>\n<meta property=\"og:url\" content=\"https:\/\/afrikmanagement.com\/index.php\/redaction\/\" \/>\n<meta property=\"og:site_name\" content=\"AFRIK Management\" \/>\n<meta property=\"article:publisher\" content=\"https:\/\/www.facebook.com\/afrikmanagement\" \/>\n<meta property=\"article:modified_time\" content=\"2023-11-24T11:53:52+00:00\" \/>\n<meta name=\"twitter:card\" content=\"summary_large_image\" \/>\n<meta name=\"twitter:site\" content=\"@AfrikManagement\" \/>\n<meta name=\"twitter:label1\" content=\"Dur\u00e9e de lecture estim\u00e9e\" \/>\n\t<meta name=\"twitter:data1\" content=\"1 minute\" \/>\n<script type=\"application\/ld+json\" class=\"yoast-schema-graph\">{\"@context\":\"https:\/\/schema.org\",\"@graph\":[{\"@type\":\"WebPage\",\"@id\":\"https:\/\/afrikmanagement.com\/index.php\/redaction\/\",\"url\":\"https:\/\/afrikmanagement.com\/index.php\/redaction\/\",\"name\":\"R\u00e9daction - AFRIK Management\",\"isPartOf\":{\"@id\":\"https:\/\/afrikmanagement.com\/#website\"},\"datePublished\":\"2023-07-17T11:19:02+00:00\",\"dateModified\":\"2023-11-24T11:53:52+00:00\",\"breadcrumb\":{\"@id\":\"https:\/\/afrikmanagement.com\/index.php\/redaction\/#breadcrumb\"},\"inLanguage\":\"fr-FR\",\"potentialAction\":[{\"@type\":\"ReadAction\",\"target\":[\"https:\/\/afrikmanagement.com\/index.php\/redaction\/\"]}]},{\"@type\":\"BreadcrumbList\",\"@id\":\"https:\/\/afrikmanagement.com\/index.php\/redaction\/#breadcrumb\",\"itemListElement\":[{\"@type\":\"ListItem\",\"position\":1,\"name\":\"Accueil\",\"item\":\"https:\/\/afrikmanagement.com\/\"},{\"@type\":\"ListItem\",\"position\":2,\"name\":\"R\u00e9daction\"}]},{\"@type\":\"WebSite\",\"@id\":\"https:\/\/afrikmanagement.com\/#website\",\"url\":\"https:\/\/afrikmanagement.com\/\",\"name\":\"AFRIK Management\",\"description\":\"\",\"publisher\":{\"@id\":\"https:\/\/afrikmanagement.com\/#organization\"},\"potentialAction\":[{\"@type\":\"SearchAction\",\"target\":{\"@type\":\"EntryPoint\",\"urlTemplate\":\"https:\/\/afrikmanagement.com\/?s={search_term_string}\"},\"query-input\":{\"@type\":\"PropertyValueSpecification\",\"valueRequired\":true,\"valueName\":\"search_term_string\"}}],\"inLanguage\":\"fr-FR\"},{\"@type\":\"Organization\",\"@id\":\"https:\/\/afrikmanagement.com\/#organization\",\"name\":\"AFRIK Management\",\"url\":\"https:\/\/afrikmanagement.com\/\",\"logo\":{\"@type\":\"ImageObject\",\"inLanguage\":\"fr-FR\",\"@id\":\"https:\/\/afrikmanagement.com\/#\/schema\/logo\/image\/\",\"url\":\"https:\/\/afrikmanagement.com\/wp-content\/uploads\/2023\/04\/Logo-Arik_Plan-de-travail-1-01.svg\",\"contentUrl\":\"https:\/\/afrikmanagement.com\/wp-content\/uploads\/2023\/04\/Logo-Arik_Plan-de-travail-1-01.svg\",\"width\":1,\"height\":1,\"caption\":\"AFRIK Management\"},\"image\":{\"@id\":\"https:\/\/afrikmanagement.com\/#\/schema\/logo\/image\/\"},\"sameAs\":[\"https:\/\/www.facebook.com\/afrikmanagement\",\"https:\/\/x.com\/AfrikManagement\"]}]}<\/script>\n<!-- \/ Yoast SEO plugin. -->","yoast_head_json":{"title":"R\u00e9daction - AFRIK Management","robots":{"index":"index","follow":"follow","max-snippet":"max-snippet:-1","max-image-preview":"max-image-preview:large","max-video-preview":"max-video-preview:-1"},"canonical":"https:\/\/afrikmanagement.com\/index.php\/redaction\/","og_locale":"fr_FR","og_type":"article","og_title":"R\u00e9daction - AFRIK Management","og_description":"\u00c0 Propos Afrik Management est m\u00e9dia ind\u00e9pendant panafricain d\u00e9di\u00e9 aux cadres et aux dirigeants d\u2019entreprise. Edit\u00e9 par la revue \u00ab\u00a0Maison Africaine des Sciences de Gestion (MASG)\u00a0\u00bb, apporte les infos pour les individus et les organisations en Afrique.\u00a0 NOUS CONTACTER Afrique de l\u2019Ouest : Cocody Angr\u00e9 7\u00e8me Trance BP 4052 Abidjan\/C\u00f4te-d\u2019Ivoire Tel: +225 33 74 92 98\/ GSM: +225 05 00 56 09 03\u00a0 Afrique du Nord\u00a0: Tunis- Belv\u00e9d\u00e8re -Rue du Br\u00e9sil 1002\/Tunisie Tel +216 52\u00a0608\u00a0662 WhatsApp: +216 52\u00a0608\u00a0662\u00a0 Site web: www.cvpt.tn E-Mail: contact@afrikmanagement.com\u00a0 Newsletter\u00a0","og_url":"https:\/\/afrikmanagement.com\/index.php\/redaction\/","og_site_name":"AFRIK Management","article_publisher":"https:\/\/www.facebook.com\/afrikmanagement","article_modified_time":"2023-11-24T11:53:52+00:00","twitter_card":"summary_large_image","twitter_site":"@AfrikManagement","twitter_misc":{"Dur\u00e9e de lecture estim\u00e9e":"1 minute"},"schema":{"@context":"https:\/\/schema.org","@graph":[{"@type":"WebPage","@id":"https:\/\/afrikmanagement.com\/index.php\/redaction\/","url":"https:\/\/afrikmanagement.com\/index.php\/redaction\/","name":"R\u00e9daction - AFRIK Management","isPartOf":{"@id":"https:\/\/afrikmanagement.com\/#website"},"datePublished":"2023-07-17T11:19:02+00:00","dateModified":"2023-11-24T11:53:52+00:00","breadcrumb":{"@id":"https:\/\/afrikmanagement.com\/index.php\/redaction\/#breadcrumb"},"inLanguage":"fr-FR","potentialAction":[{"@type":"ReadAction","target":["https:\/\/afrikmanagement.com\/index.php\/redaction\/"]}]},{"@type":"BreadcrumbList","@id":"https:\/\/afrikmanagement.com\/index.php\/redaction\/#breadcrumb","itemListElement":[{"@type":"ListItem","position":1,"name":"Accueil","item":"https:\/\/afrikmanagement.com\/"},{"@type":"ListItem","position":2,"name":"R\u00e9daction"}]},{"@type":"WebSite","@id":"https:\/\/afrikmanagement.com\/#website","url":"https:\/\/afrikmanagement.com\/","name":"AFRIK Management","description":"","publisher":{"@id":"https:\/\/afrikmanagement.com\/#organization"},"potentialAction":[{"@type":"SearchAction","target":{"@type":"EntryPoint","urlTemplate":"https:\/\/afrikmanagement.com\/?s={search_term_string}"},"query-input":{"@type":"PropertyValueSpecification","valueRequired":true,"valueName":"search_term_string"}}],"inLanguage":"fr-FR"},{"@type":"Organization","@id":"https:\/\/afrikmanagement.com\/#organization","name":"AFRIK Management","url":"https:\/\/afrikmanagement.com\/","logo":{"@type":"ImageObject","inLanguage":"fr-FR","@id":"https:\/\/afrikmanagement.com\/#\/schema\/logo\/image\/","url":"https:\/\/afrikmanagement.com\/wp-content\/uploads\/2023\/04\/Logo-Arik_Plan-de-travail-1-01.svg","contentUrl":"https:\/\/afrikmanagement.com\/wp-content\/uploads\/2023\/04\/Logo-Arik_Plan-de-travail-1-01.svg","width":1,"height":1,"caption":"AFRIK Management"},"image":{"@id":"https:\/\/afrikmanagement.com\/#\/schema\/logo\/image\/"},"sameAs":["https:\/\/www.facebook.com\/afrikmanagement","https:\/\/x.com\/AfrikManagement"]}]}},"_links":{"self":[{"href":"https:\/\/afrikmanagement.com\/index.php\/wp-json\/wp\/v2\/pages\/1441","targetHints":{"allow":["GET"]}}],"collection":[{"href":"https:\/\/afrikmanagement.com\/index.php\/wp-json\/wp\/v2\/pages"}],"about":[{"href":"https:\/\/afrikmanagement.com\/index.php\/wp-json\/wp\/v2\/types\/page"}],"author":[{"embeddable":true,"href":"https:\/\/afrikmanagement.com\/index.php\/wp-json\/wp\/v2\/users\/5"}],"replies":[{"embeddable":true,"href":"https:\/\/afrikmanagement.com\/index.php\/wp-json\/wp\/v2\/comments?post=1441"}],"version-history":[{"count":5,"href":"https:\/\/afrikmanagement.com\/index.php\/wp-json\/wp\/v2\/pages\/1441\/revisions"}],"predecessor-version":[{"id":5125,"href":"https:\/\/afrikmanagement.com\/index.php\/wp-json\/wp\/v2\/pages\/1441\/revisions\/5125"}],"wp:attachment":[{"href":"https:\/\/afrikmanagement.com\/index.php\/wp-json\/wp\/v2\/media?parent=1441"}],"curies":[{"name":"wp","href":"https:\/\/api.w.org\/{rel}","templated":true}]}}